{"id":14,"date":"2015-05-27T09:27:43","date_gmt":"2015-05-27T09:27:43","guid":{"rendered":"https:\/\/labigne.de\/?page_id=14"},"modified":"2020-06-17T10:46:11","modified_gmt":"2020-06-17T10:46:11","slug":"accueil","status":"publish","type":"page","link":"https:\/\/labigne.de\/fr\/","title":{"rendered":"Page d&rsquo;accueil"},"content":{"rendered":"<p><div class=\"et_d4_element et_pb_section et_pb_section_0 et_pb_with_background  et_pb_css_mix_blend_mode et_section_regular et_block_section\" >\n\t\t\t\t\n\t\t\t\t\n\t\t\t\t\n\t\t\t\t\n\t\t\t\t\n\t\t\t\t\n\t\t\t\t<div class=\"et_d4_element et_pb_row et_pb_row_0  et_pb_css_mix_blend_mode et_block_row\">\n\t\t\t\t<div class=\"et_d4_element et_pb_column_2_3 et_pb_column et_pb_column_0  et_pb_css_mix_blend_mode et_block_column et_pb_column_empty\">\n\t\t\t\t\n\t\t\t\t\n\t\t\t\t\n\t\t\t\t\n\t\t\t\t\n\t\t\t<\/div><div class=\"et_d4_element et_pb_column_1_3 et_pb_column et_pb_column_1  et_pb_css_mix_blend_mode et-last-child et_block_column\">\n\t\t\t\t\n\t\t\t\t\n\t\t\t\t\n\t\t\t\t\n\t\t\t\t<div class=\"et_pb_with_border et_pb_module et_d4_element et_pb_text et_pb_text_0 et_animated  et_pb_text_align_left et_pb_bg_layout_light\">\n\t\t\t\t\n\t\t\t\t\n\t\t\t\t\n\t\t\t\t\n\t\t\t\t<div class=\"et_pb_text_inner\"><h3>labigne <span style=\"color: #d43a26;\"><br \/>\n<strong>dolmetscher<\/strong>dienste<\/span><\/h3>\n<p>&nbsp;<\/p>\n<p>&nbsp;<\/div>\n\t\t\t<\/div><div class=\"et_pb_button_module_wrapper et_pb_button_0_wrapper et_pb_button_alignment_left et_pb_module \">\n\t\t\t\t<a class=\"et_pb_button et_d4_element et_pb_button_0 et_animated et_hover_enabled et_pb_bg_layout_dark et_block_module\" href=\"https:\/\/labigne.de\/fr\/formulaire-d-offre\/\" data-icon=\"&#x35;\">Demander un devis<\/a>\n\t\t\t<\/div><div class=\"et_pb_button_module_wrapper et_pb_button_1_wrapper  et_pb_module \">\n\t\t\t\t<a class=\"et_pb_button et_d4_element et_pb_button_1 dolEx et_pb_bg_layout_light et_block_module\" href=\"https:\/\/dolmetscherexperten.de\/\" target=\"_blank\">R\u00e9server des interpr\u00e8tes en ligne! DolmetscherExperten.de<\/a>\n\t\t\t<\/div>\n\t\t\t<\/div>\n\t\t\t\t\n\t\t\t\t\n\t\t\t\t\n\t\t\t\t\n\t\t\t<\/div>\n\t\t\t\t\n\t\t\t\t\n\t\t\t<\/div><div class=\"et_pb_with_border et_d4_element et_pb_section et_pb_section_1  et_pb_css_mix_blend_mode et_pb_fullwidth_section et_section_regular et_block_section\" >\n\t\t\t\t\n\t\t\t\t\n\t\t\t\t\n\t\t\t\t\n\t\t\t\t\n\t\t\t\t\n\t\t\t\t<div class=\"et_pb_module et_d4_element et_pb_fullwidth_code et_pb_fullwidth_code_0\">\n\t\t\t\t\n\t\t\t\t\n\t\t\t\t\n\t\t\t\t\n\t\t\t\t<div class=\"et_pb_code_inner\"><p align=\"center\">\n <a href=\"#exzellenz\"><img decoding=\"async\" src=\"https:\/\/labigne.de\/img\/nach-unten.png\" \/><\/a>\n\n<\/div>\n\t\t\t<\/div>\n\t\t\t\t\n\t\t\t\t\n\t\t\t<\/div><div class=\"et_d4_element et_pb_section et_pb_section_2  et_pb_css_mix_blend_mode et_section_regular et_block_section\" >\n\t\t\t\t\n\t\t\t\t\n\t\t\t\t\n\t\t\t\t\n\t\t\t\t\n\t\t\t\t\n\t\t\t\t<div id=\"exzellenz\" class=\"et_d4_element et_pb_row et_pb_row_1  et_pb_css_mix_blend_mode et_block_row\">\n\t\t\t\t<div class=\"et_d4_element et_pb_column_1_2 et_pb_column et_pb_column_2  et_pb_css_mix_blend_mode et_block_column\">\n\t\t\t\t\n\t\t\t\t\n\t\t\t\t\n\t\t\t\t\n\t\t\t\t<div class=\"et_pb_module et_d4_element et_pb_text et_pb_text_1  et_pb_text_align_left et_pb_bg_layout_light\">\n\t\t\t\t\n\t\t\t\t\n\t\t\t\t\n\t\t\t\t\n\t\t\t\t<div class=\"et_pb_text_inner\">L'excellence - depuis <strong>1992<\/strong><\/div>\n\t\t\t<\/div>\n\t\t\t<\/div><div class=\"et_d4_element et_pb_column_1_2 et_pb_column et_pb_column_3  et_pb_css_mix_blend_mode et-last-child et_block_column\">\n\t\t\t\t\n\t\t\t\t\n\t\t\t\t\n\t\t\t\t\n\t\t\t\t<div class=\"et_pb_module et_d4_element et_pb_text et_pb_text_2  et_pb_text_align_left et_pb_bg_layout_light\">\n\t\t\t\t\n\t\t\t\t\n\t\t\t\t\n\t\t\t\t\n\t\t\t\t<div class=\"et_pb_text_inner\">labigne dolmetscherdienste GmbH met \u00e0 disposition des interpr\u00e8tes de conf\u00e9rence soigneusement s\u00e9lectionn\u00e9s, titulaires d'un dipl\u00f4me dans leur domaine de sp\u00e9cialisation et disposant d'une formation et d'une exp\u00e9rience en interpr\u00e9tation simultan\u00e9e et cons\u00e9cutive.<\/div>\n\t\t\t<\/div>\n\t\t\t<\/div>\n\t\t\t\t\n\t\t\t\t\n\t\t\t\t\n\t\t\t\t\n\t\t\t<\/div><div class=\"et_d4_element et_pb_row et_pb_row_2  et_pb_css_mix_blend_mode et_block_row\">\n\t\t\t\t<div class=\"et_d4_element et_pb_column_1_3 et_pb_column et_pb_column_4  et_pb_css_mix_blend_mode et_block_column\">\n\t\t\t\t\n\t\t\t\t\n\t\t\t\t\n\t\t\t\t\n\t\t\t\t<div class=\"et_pb_module et_d4_element et_pb_blurb et_pb_blurb_0 et_animated  et_pb_text_align_center  et_pb_blurb_position_top et_block_module et_pb_bg_layout_light\">\n\t\t\t\t\n\t\t\t\t\n\t\t\t\t\n\t\t\t\t\n\t\t\t\t<div class=\"et_pb_blurb_content\">\n\t\t\t\t\t<div class=\"et_pb_main_blurb_image et_pb_css_mix_blend_mode\"><a href=\"#\"><span class=\"et_pb_image_wrap\"><span class=\"et-waypoint et_pb_animation_top et_pb_animation_top_tablet et_pb_animation_top_phone et-pb-icon\">&#xe007;<\/span><\/span><\/a><\/div>\n\t\t\t\t\t<div class=\"et_pb_blurb_container\">\n\t\t\t\t\t\t<h4 class=\"et_pb_module_header\"><a href=\"#\">Des paquets de services clairs<\/a><\/h4>\n\t\t\t\t\t\t<div class=\"et_pb_blurb_description\">Offres de forfaits d'interpr\u00e9tation clairement organis\u00e9s ou tout compris.<\/div>\n\t\t\t\t\t<\/div>\n\t\t\t\t<\/div>\n\t\t\t<\/div>\n\t\t\t<\/div><div class=\"et_d4_element et_pb_column_1_3 et_pb_column et_pb_column_5  et_pb_css_mix_blend_mode et_block_column\">\n\t\t\t\t\n\t\t\t\t\n\t\t\t\t\n\t\t\t\t\n\t\t\t\t<div class=\"et_pb_module et_d4_element et_pb_blurb et_pb_blurb_1 et_animated  et_pb_text_align_center  et_pb_blurb_position_top et_block_module et_pb_bg_layout_light\">\n\t\t\t\t\n\t\t\t\t\n\t\t\t\t\n\t\t\t\t\n\t\t\t\t<div class=\"et_pb_blurb_content\">\n\t\t\t\t\t<div class=\"et_pb_main_blurb_image et_pb_css_mix_blend_mode\"><a href=\"#\"><span class=\"et_pb_image_wrap\"><span class=\"et-waypoint et_pb_animation_top et_pb_animation_top_tablet et_pb_animation_top_phone et-pb-icon\">&#xe029;<\/span><\/span><\/a><\/div>\n\t\t\t\t\t<div class=\"et_pb_blurb_container\">\n\t\t\t\t\t\t<h4 class=\"et_pb_module_header\"><a href=\"#\">Moderne Prozessabl\u00e4ufe<\/a><\/h4>\n\t\t\t\t\t\t<div class=\"et_pb_blurb_description\">Soutenu par les technologies informatiques modernes : Organisation &amp;amp ; Administration<\/div>\n\t\t\t\t\t<\/div>\n\t\t\t\t<\/div>\n\t\t\t<\/div>\n\t\t\t<\/div><div class=\"et_d4_element et_pb_column_1_3 et_pb_column et_pb_column_6  et_pb_css_mix_blend_mode et-last-child et_block_column\">\n\t\t\t\t\n\t\t\t\t\n\t\t\t\t\n\t\t\t\t\n\t\t\t\t<div class=\"et_pb_module et_d4_element et_pb_blurb et_pb_blurb_2 et_animated  et_pb_text_align_center  et_pb_blurb_position_top et_block_module et_pb_bg_layout_light\">\n\t\t\t\t\n\t\t\t\t\n\t\t\t\t\n\t\t\t\t\n\t\t\t\t<div class=\"et_pb_blurb_content\">\n\t\t\t\t\t<div class=\"et_pb_main_blurb_image et_pb_css_mix_blend_mode\"><a href=\"#\"><span class=\"et_pb_image_wrap\"><span class=\"et-waypoint et_pb_animation_top et_pb_animation_top_tablet et_pb_animation_top_phone et-pb-icon\">&#x62;<\/span><\/span><\/a><\/div>\n\t\t\t\t\t<div class=\"et_pb_blurb_container\">\n\t\t\t\t\t\t<h4 class=\"et_pb_module_header\"><a href=\"#\">Soigneusement<\/a><\/h4>\n\t\t\t\t\t\t<div class=\"et_pb_blurb_description\">Plus de 25 ans de pr\u00e9paration et de mise en \u0153uvre minutieuses des conf\u00e9rences<\/div>\n\t\t\t\t\t<\/div>\n\t\t\t\t<\/div>\n\t\t\t<\/div>\n\t\t\t<\/div>\n\t\t\t\t\n\t\t\t\t\n\t\t\t\t\n\t\t\t\t\n\t\t\t<\/div>\n\t\t\t\t\n\t\t\t\t\n\t\t\t<\/div><div class=\"et_pb_with_border et_d4_element et_pb_section et_pb_section_3  et_pb_css_mix_blend_mode et_pb_fullwidth_section et_section_regular et_block_section\" >\n\t\t\t\t\n\t\t\t\t\n\t\t\t\t\n\t\t\t\t\n\t\t\t\t\n\t\t\t\t\n\t\t\t\t<div class=\"et_pb_module et_d4_element et_pb_fullwidth_code et_pb_fullwidth_code_1\">\n\t\t\t\t\n\t\t\t\t\n\t\t\t\t\n\t\t\t\t\n\t\t\t\t<div class=\"et_pb_code_inner\"><p align=\"center\">\n <a href=\"#qualitaet\"><img decoding=\"async\" src=\"https:\/\/labigne.de\/img\/nach-unten.png\" \/><\/a>\n\n<\/div>\n\t\t\t<\/div>\n\t\t\t\t\n\t\t\t\t\n\t\t\t<\/div><div class=\"et_d4_element et_pb_section et_pb_section_4 et_animated  et_pb_css_mix_blend_mode et_section_regular et_block_section\" >\n\t\t\t\t\n\t\t\t\t\n\t\t\t\t\n\t\t\t\t\n\t\t\t\t\n\t\t\t\t\n\t\t\t\t<div class=\"et_d4_element et_pb_row et_pb_row_3 et_pb_row_fullwidth et_pb_equal_columns et_pb_gutters1  et_pb_css_mix_blend_mode et_block_row\">\n\t\t\t\t<div class=\"et_d4_element et_pb_column_1_2 et_pb_column et_pb_column_7  et_pb_css_mix_blend_mode et_block_column et_pb_column_empty\">\n\t\t\t\t\n\t\t\t\t\n\t\t\t\t\n\t\t\t\t\n\t\t\t\t\n\t\t\t<\/div><div class=\"et_d4_element et_pb_column_1_2 et_pb_column et_pb_column_8  et_pb_css_mix_blend_mode et-last-child et_block_column\">\n\t\t\t\t\n\t\t\t\t\n\t\t\t\t\n\t\t\t\t\n\t\t\t\t<div id=\"qualitaet\" class=\"et_pb_module et_d4_element et_pb_divider et_pb_divider_0 et_animated et_pb_space\"><div class=\"et_pb_divider_internal\"><\/div><\/div><div class=\"et_pb_module et_d4_element et_pb_cta_0 et_animated et_hover_enabled et_pb_promo  et_pb_text_align_left et_pb_bg_layout_light et_pb_no_bg\">\n\t\t\t\t\n\t\t\t\t\n\t\t\t\t\n\t\t\t\t\n\t\t\t\t<div class=\"et_pb_promo_description\"><h2 class=\"et_pb_module_header\">La qualit\u00e9 fait la diff\u00e9rence:<\/h2><div>Nos pools d'excellence se concentrent sur les domaines suivants:<\/p>\n<ul>\n<li>Technologie et industrie<\/li>\n<li>Pharmacie et m\u00e9decine.<\/li>\n<li>IT et num\u00e9risation.<\/li>\n<li>Politique et gouvernance<\/li>\n<li>Finance et \u00e9conomie<\/li>\n<\/ul>\n<p>Dans toutes les langues, y compris Chinois<\/div><\/div>\n\t\t\t\t<div class=\"et_pb_button_wrapper\"><a class=\"et_pb_button et_pb_promo_button\" href=\"https:\/\/labigne.de\/fr\/notre-profil\/\">En savoir plus...<\/a><\/div>\n\t\t\t<\/div><style type=\"text\/css\">.et_pb_cta_0.et_pb_promo{background-color:transparent !important;}<\/style>\n\t\t\t<\/div>\n\t\t\t\t\n\t\t\t\t\n\t\t\t\t\n\t\t\t\t\n\t\t\t<\/div>\n\t\t\t\t\n\t\t\t\t\n\t\t\t<\/div><div class=\"et_pb_with_border et_d4_element et_pb_section et_pb_section_5  et_pb_css_mix_blend_mode et_pb_fullwidth_section et_section_regular et_block_section\" >\n\t\t\t\t\n\t\t\t\t\n\t\t\t\t\n\t\t\t\t\n\t\t\t\t\n\t\t\t\t\n\t\t\t\t<div class=\"et_pb_module et_d4_element et_pb_fullwidth_code et_pb_fullwidth_code_2\">\n\t\t\t\t\n\t\t\t\t\n\t\t\t\t\n\t\t\t\t\n\t\t\t\t<div class=\"et_pb_code_inner\"><p align=\"center\">\n <a href=\"#warum\"><img decoding=\"async\" src=\"https:\/\/labigne.de\/img\/nach-unten.png\" \/><\/a>\n\n<\/div>\n\t\t\t<\/div>\n\t\t\t\t\n\t\t\t\t\n\t\t\t<\/div><div class=\"et_d4_element et_pb_section et_pb_section_6  et_pb_css_mix_blend_mode et_section_regular et_block_section\" >\n\t\t\t\t\n\t\t\t\t\n\t\t\t\t\n\t\t\t\t\n\t\t\t\t\n\t\t\t\t\n\t\t\t\t<div class=\"et_d4_element et_pb_row et_pb_row_4  et_pb_css_mix_blend_mode et_block_row\">\n\t\t\t\t<div class=\"et_d4_element et_pb_column_4_4 et_pb_column et_pb_column_9  et_pb_css_mix_blend_mode et-last-child et_block_column\">\n\t\t\t\t\n\t\t\t\t\n\t\t\t\t\n\t\t\t\t\n\t\t\t\t<div id=\"warum\" class=\"et_pb_module et_d4_element et_pb_divider et_pb_divider_1 et_animated et_pb_space\"><div class=\"et_pb_divider_internal\"><\/div><\/div><div class=\"et_pb_module et_d4_element et_pb_text et_pb_text_3  et_pb_text_align_left et_pb_bg_layout_light\">\n\t\t\t\t\n\t\t\t\t\n\t\t\t\t\n\t\t\t\t\n\t\t\t\t<div class=\"et_pb_text_inner\"><h2 style=\"text-align: center;\">Pourquoi labigne <strong>dolmetscher<\/strong>dienste GmbH?<\/h2><\/div>\n\t\t\t<\/div><div class=\"et_pb_module et_d4_element et_pb_text et_pb_text_4 et_animated  et_pb_text_align_center et_pb_bg_layout_light\">\n\t\t\t\t\n\t\t\t\t\n\t\t\t\t\n\t\t\t\t\n\t\t\t\t<div class=\"et_pb_text_inner\">La soci\u00e9t\u00e9 labigne dolmetscherdienste GmbH engagera pour vous des interpr\u00e8tes de conf\u00e9rence et vous assurera un excellent service.<\/p>\n<p>Gr\u00e2ce \u00e0 de nombreuses ann\u00e9es de travail pour<strong> l'Association allemande des interpr\u00e8tes de conf\u00e9rence et \u00e0 plus de 25 ans d'exp\u00e9rience avec des \u00e9quipes tr\u00e8s diverses en Allemagne et \u00e0 l'\u00e9tranger,<\/strong> labigne dolmetscherdienste GmbH peut s'appuyer sur un pool d'excellence de coll\u00e8gues hautement qualifi\u00e9s, tri\u00e9s sur le volet.<\/p>\n<p>En savoir plus sur <a href=\"https:\/\/labigne.de\/fr\/notre-service\/\">nos services &gt;&gt;<\/a><\/div>\n\t\t\t<\/div>\n\t\t\t<\/div>\n\t\t\t\t\n\t\t\t\t\n\t\t\t\t\n\t\t\t\t\n\t\t\t<\/div>\n\t\t\t\t\n\t\t\t\t\n\t\t\t<\/div><div class=\"et_d4_element et_pb_section et_pb_section_7 et_animated  et_pb_css_mix_blend_mode et_section_regular et_block_section\" >\n\t\t\t\t\n\t\t\t\t\n\t\t\t\t\n\t\t\t\t\n\t\t\t\t\n\t\t\t\t\n\t\t\t\t<div class=\"et_d4_element et_pb_row et_pb_row_5 et_pb_equal_columns  et_pb_css_mix_blend_mode et_block_row\">\n\t\t\t\t<div class=\"et_d4_element et_pb_column_1_3 et_pb_column et_pb_column_10  et_pb_css_mix_blend_mode et_block_column\">\n\t\t\t\t\n\t\t\t\t\n\t\t\t\t\n\t\t\t\t\n\t\t\t\t<div class=\"et_pb_module et_d4_element et_pb_divider et_pb_divider_2 et_animated et_pb_space\"><div class=\"et_pb_divider_internal\"><\/div><\/div><div class=\"et_pb_module et_d4_element et_pb_cta_1 et_animated et_hover_enabled et_pb_promo  et_pb_text_align_left et_pb_bg_layout_light et_pb_no_bg\">\n\t\t\t\t\n\t\t\t\t\n\t\t\t\t\n\t\t\t\t\n\t\t\t\t<div class=\"et_pb_promo_description\"><h2 class=\"et_pb_module_header\">Vous ne comprenez que le chinois?<\/h2><div>Vid\u00e9o sur le th\u00e8me \"La langue est un ph\u00e9nom\u00e8ne complexe\"<\/div><\/div>\n\t\t\t\t<div class=\"et_pb_button_wrapper\"><a class=\"et_pb_button et_pb_promo_button\" href=\"https:\/\/labigne.de\/fr\/le-langage-est-complexe\/\">En savoir plus...<\/a><\/div>\n\t\t\t<\/div><style type=\"text\/css\">.et_pb_cta_1.et_pb_promo{background-color:transparent !important;}<\/style>\n\t\t\t<\/div><div class=\"et_d4_element et_pb_column_2_3 et_pb_column et_pb_column_11  et_pb_css_mix_blend_mode et-last-child et_block_column\">\n\t\t\t\t\n\t\t\t\t\n\t\t\t\t\n\t\t\t\t\n\t\t\t\t<div class=\"et_pb_module et_d4_element et_pb_video et_pb_video_0\">\n\t\t\t\t\n\t\t\t\t\n\t\t\t\t\n\t\t\t\t\n\t\t\t\t<div class=\"et_pb_video_box\"> <div class=\"brlbs-cmpnt-container brlbs-cmpnt-content-blocker brlbs-cmpnt-with-individual-styles\" data-borlabs-cookie-content-blocker-id=\"youtube-content-blocker\" data-borlabs-cookie-content=\"PGlmcmFtZSBsb2FkaW5nPSJsYXp5IiB0aXRsZT0iSG93IGludGVycHJldGVycyBqdWdnbGUgdHdvIGxhbmd1YWdlcyBhdCBvbmNlIC0gRXdhbmRybyBNYWdhbGhhZXMiIHdpZHRoPSIxMDgwIiBoZWlnaHQ9IjYwOCIgc3JjPSJodHRwczovL3d3dy55b3V0dWJlLW5vY29va2llLmNvbS9lbWJlZC9jWE5UQXJoQTBKZz9mZWF0dXJlPW9lbWJlZCIgIGFsbG93PSJhY2NlbGVyb21ldGVyOyBhdXRvcGxheTsgY2xpcGJvYXJkLXdyaXRlOyBlbmNyeXB0ZWQtbWVkaWE7IGd5cm9zY29wZTsgcGljdHVyZS1pbi1waWN0dXJlOyB3ZWItc2hhcmUiIHJlZmVycmVycG9saWN5PSJzdHJpY3Qtb3JpZ2luLXdoZW4tY3Jvc3Mtb3JpZ2luIiBhbGxvd2Z1bGxzY3JlZW4+PC9pZnJhbWU+\"><div class=\"brlbs-cmpnt-cb-preset-c brlbs-cmpnt-cb-youtube\"> <div class=\"brlbs-cmpnt-cb-thumbnail\" style=\"background-image: url('https:\/\/labigne.de\/wp-content\/uploads\/borlabs-cookie\/1\/yt_cXNTArhA0Jg_hqdefault.jpg')\"><\/div> <div class=\"brlbs-cmpnt-cb-main\"> <div class=\"brlbs-cmpnt-cb-play-button\"><\/div> <div class=\"brlbs-cmpnt-cb-content\"> <p class=\"brlbs-cmpnt-cb-description\">Vous \u00eates actuellement en train de consulter le contenu d'un espace r\u00e9serv\u00e9 de <strong>YouTube<\/strong>. Pour acc\u00e9der au contenu r\u00e9el, cliquez sur le bouton ci-dessous. Veuillez noter que ce faisant, des donn\u00e9es seront partag\u00e9es avec des providers tiers.<\/p> <a class=\"brlbs-cmpnt-cb-provider-toggle\" href=\"#\" data-borlabs-cookie-show-provider-information role=\"button\">Plus d'informations<\/a> <\/div> <div class=\"brlbs-cmpnt-cb-buttons\"> <a class=\"brlbs-cmpnt-cb-btn\" href=\"#\" data-borlabs-cookie-unblock role=\"button\">D\u00e9bloquer le contenu<\/a> <a class=\"brlbs-cmpnt-cb-btn\" href=\"#\" data-borlabs-cookie-accept-service role=\"button\" style=\"display: inherit\">Accepter le service requis et d\u00e9bloquer les contenus<\/a> <\/div> <\/div> <\/div><\/div><\/div>\n\t\t\t\t<div style=\"background-image:url(\/\/i.ytimg.com\/vi\/cXNTArhA0Jg\/maxresdefault.jpg)\" class=\"et_pb_video_overlay\"><div class=\"et_pb_video_overlay_hover\"><a href=\"#\" class=\"et_pb_video_play\"><\/a><\/div><\/div>\n\t\t\t<\/div>\n\t\t\t<\/div>\n\t\t\t\t\n\t\t\t\t\n\t\t\t\t\n\t\t\t\t\n\t\t\t<\/div>\n\t\t\t\t\n\t\t\t\t\n\t\t\t<\/div><\/p>\n","protected":false},"excerpt":{"rendered":"","protected":false},"author":6,"featured_media":0,"parent":0,"menu_order":0,"comment_status":"closed","ping_status":"closed","template":"","meta":{"inline_featured_image":false,"_et_pb_use_builder":"on","_et_pb_old_content":"<h2>L\u2019excellence \u2013 Depuis plus de 25 ans :<\/h2>\r\n[caption id=\"attachment_19\" align=\"alignleft\" width=\"136\"]<img class=\"wp-image-19 size-full\" src=\"https:\/\/labigne.de\/wp-content\/uploads\/2015\/05\/konferenzdolmetscher-2-franzoesisch-deutsch-berlin.jpg\" alt=\"Claire Labigne - Dipl.-Konferenzdolmetscherin\" width=\"136\" height=\"180\" \/> Claire Labigne interpr\u00e8te de conf\u00e9rence diplom\u00e9e[\/caption]\r\n\r\nlabigne dolmetscherdienste GmbH recrute des interpr\u00e8tes de conf\u00e9rence tri\u00e9s sur le volet, qui, en plus d\u2019un cursus en interpr\u00e9tation simultan\u00e9e et cons\u00e9cutive, se sont sp\u00e9cialis\u00e9s dans le domaine de la technique, des finances, de l\u2019\u00e9conomie, de l'\u00e9nergie et du marketing.\r\n\r\nToutes langues vous sont propos\u00e9es, y compris <a href=\"https:\/\/labigne.de\/fr\/une-parfaite-connaissance-du-contexte-la-condition-sine-qua-non-pour-linterprete-evoluant-dans-des-domaines-techniques\/\">le chinois et le cor\u00e9en<\/a>.\r\n\r\nLa fondatrice et g\u00e9rante de la soci\u00e9t\u00e9, Claire Labigne, est elle-m\u00eame dipl\u00f4m\u00e9e en interpr\u00e9tation de conf\u00e9rence. Travaillant de longue date en \u00e9troite coop\u00e9ration avec de grands groupes internationaux, Claire Labigne conna\u00eet parfaitement le march\u00e9 de l\u2019interpr\u00e9tation de l\u2019int\u00e9rieur et les besoins des clients <a href=\"https:\/\/labigne.de\/fr\/labigne-interpretes\/referenzen-dolmetschen-fuer-firmen-und-unternehmen.htm\">>> R\u00e9f\u00e9rences<\/a>.\r\n\r\nNous vous proposons des services d\u2019interpr\u00e9tation et de traduction pour tous types de r\u00e9union : conf\u00e9rences de presse, pr\u00e9sentation de nouveaux v\u00e9hicules \u00e0 la presse ou aux clients, s\u00e9minaires de formation pour formateurs, pr\u00e9sentations de produits les plus divers ou autres congr\u00e8s.\r\n\r\n[caption id=\"attachment_887\" align=\"alignright\" width=\"150\"]<img class=\"wp-image-887\" src=\"https:\/\/labigne.de\/wp-content\/uploads\/2018\/06\/Julia-Gaetjens-233x300.jpg\" alt=\"\" width=\"150\" height=\"193\" \/> Julia G\u00e4tjens M.A. interpr\u00e8te de conf\u00e9rence - russe et ukrainien -[\/caption]\r\n\r\nPartenaires de longue date de clients tr\u00e8s exigeants en termes de qualit\u00e9, nous n\u2019avons cess\u00e9 d\u2019optimiser notre organisation et nos services en modernisant nos processus. Avec nos clients et afin de mieux les servir, nous avons relev\u00e9 le d\u00e9fi de l\u2019automatisation croissante de l\u2019ensemble des processus.\r\n\r\nFrancfort sur le Main est la ville d\u2019origine de labigne dolmetscherdienste. En effet pendant 20 ans c\u2019est \u00e0 Francfort que les premiers gros clients furent contact\u00e9s et fid\u00e9lis\u00e9s. Le secteur bancaire et le secteur des conf\u00e9rences pour la distribution venant du monde entier et se retrouvant \u00e0 l\u2019a\u00e9roport de Francfort permirent \u00e0 nos \u00e9quipes de se sp\u00e9cialiser en finances et en technique. Puis labigne dolmetscherdienste GmbH s'est install\u00e9e \u00e0 Berlin.\r\n\r\nNous organisons aujourd\u2019hui les services interpr\u00e8tes dans la ville politique et culturelle qu\u2019est Berlin et dans la m\u00e9tropole \u00e9conomique qu\u2019est Francfort.\r\n\r\nDe fait nous sommes \u00e0 votre disposition avec nos \u00e9quipes d\u2019interpr\u00e8tes de conf\u00e9rence l\u00e0 o\u00f9 vous \u00eates et l\u00e0 o\u00f9 vous allez, que ce soit en Allemagne, en Europe et m\u00eame au-del\u00e0. Nous serons \u00e0 vos c\u00f4t\u00e9s \u00e9galement ces 25 prochaines ann\u00e9es.\r\n\r\nNous serions tr\u00e8s heureux de pouvoir intervenir au service de votre entreprise avec notre \u00e9quipe d\u2019interpr\u00e8tes de conf\u00e9rence. N\u2019h\u00e9sitez pas - pour vous convaincre de la qualit\u00e9 de nos prestations - \u00e0 prendre contact avec nous lors d\u2019un prochain appel d\u2019offres ou en nous adressant directement votre demande \u00e0 info@localhost\r\n\r\n\u00a0","_et_gb_content_width":"","footnotes":""},"class_list":["post-14","page","type-page","status-publish","hentry"],"_links":{"self":[{"href":"https:\/\/labigne.de\/fr\/wp-json\/wp\/v2\/pages\/14","targetHints":{"allow":["GET"]}}],"collection":[{"href":"https:\/\/labigne.de\/fr\/wp-json\/wp\/v2\/pages"}],"about":[{"href":"https:\/\/labigne.de\/fr\/wp-json\/wp\/v2\/types\/page"}],"author":[{"embeddable":true,"href":"https:\/\/labigne.de\/fr\/wp-json\/wp\/v2\/users\/6"}],"replies":[{"embeddable":true,"href":"https:\/\/labigne.de\/fr\/wp-json\/wp\/v2\/comments?post=14"}],"version-history":[{"count":0,"href":"https:\/\/labigne.de\/fr\/wp-json\/wp\/v2\/pages\/14\/revisions"}],"wp:attachment":[{"href":"https:\/\/labigne.de\/fr\/wp-json\/wp\/v2\/media?parent=14"}],"curies":[{"name":"wp","href":"https:\/\/api.w.org\/{rel}","templated":true}]}}