{"id":41,"date":"2015-05-27T15:38:16","date_gmt":"2015-05-27T15:38:16","guid":{"rendered":"https:\/\/labigne.de\/?page_id=41"},"modified":"2020-04-29T12:23:13","modified_gmt":"2020-04-29T12:23:13","slug":"notre-profil","status":"publish","type":"page","link":"https:\/\/labigne.de\/fr\/notre-profil\/","title":{"rendered":"Notre Profil"},"content":{"rendered":"<p>[et_pb_section fb_built=\u00a0\u00bb1&Prime; fullwidth=\u00a0\u00bbon\u00a0\u00bb _builder_version=\u00a0\u00bb4.0.9&Prime; global_module=\u00a0\u00bb1245&Prime; saved_tabs=\u00a0\u00bball\u00a0\u00bb][et_pb_fullwidth_image src=\u00a0\u00bbhttps:\/\/labigne.de\/wp-content\/uploads\/2019\/11\/h-konferenzdolmetscher-englisch-franzoesisch.jpg\u00a0\u00bb _builder_version=\u00a0\u00bb4.4.2&Prime; animation_style=\u00a0\u00bbzoom\u00a0\u00bb box_shadow_style=\u00a0\u00bbpreset3&Prime;][\/et_pb_fullwidth_image][\/et_pb_section][et_pb_section fb_built=\u00a0\u00bb1&Prime; _builder_version=\u00a0\u00bb4.0.9&Prime; max_width=\u00a0\u00bb1240px\u00a0\u00bb module_alignment=\u00a0\u00bbcenter\u00a0\u00bb custom_padding=\u00a0\u00bb0px||||false|false\u00a0\u00bb box_shadow_style=\u00a0\u00bbpreset3&Prime;][et_pb_row column_structure=\u00a0\u00bb2_3,1_3&Prime; _builder_version=\u00a0\u00bb4.0.9&Prime; background_size=\u00a0\u00bbinitial\u00a0\u00bb background_position=\u00a0\u00bbtop_left\u00a0\u00bb background_repeat=\u00a0\u00bbrepeat\u00a0\u00bb custom_margin=\u00a0\u00bb|||80px|false|false\u00a0\u00bb custom_margin_tablet=\u00a0\u00bb\u00a0\u00bb custom_margin_phone=\u00a0\u00bb|||24px|false|false\u00a0\u00bb custom_margin_last_edited=\u00a0\u00bbon|desktop\u00a0\u00bb][et_pb_column type=\u00a0\u00bb2_3&Prime; _builder_version=\u00a0\u00bb3.25&Prime; custom_padding=\u00a0\u00bb|||\u00a0\u00bb custom_padding__hover=\u00a0\u00bb|||\u00a0\u00bb][et_pb_text _builder_version=\u00a0\u00bb4.0.5&Prime; background_size=\u00a0\u00bbinitial\u00a0\u00bb background_position=\u00a0\u00bbtop_left\u00a0\u00bb background_repeat=\u00a0\u00bbrepeat\u00a0\u00bb]<\/p>\n<h1>Notre Profile<\/h1>\n<h2>service interpr\u00e9tes<\/h2>\n<p>interpr\u00e9tation simultan\u00e9e et cons\u00e9cutive pour r\u00e9unions, conf\u00e9rences et congr\u00e8s dans toutes les langues europ\u00e9ennes et asiatiques<\/p>\n<h2>l&rsquo;\u00e9quipe<\/h2>\n<p>des interpr\u00e8tes de conf\u00e9rence dipl\u00f4m\u00e9(e)s, chevronn\u00e9(e)s, sp\u00e9cialis\u00e9(e)s dans les domaines de la finance, de l&rsquo;\u00e9conomie, de la politique, de la technique, de la m\u00e9decine, du marketing<\/p>\n<h2>les conditions<\/h2>\n<p>devis fermes en l&rsquo;espace de 24 h, prix forfaitaires incluant honoraires, frais de d\u00e9placement, frais d&rsquo;approche et frais d&rsquo;organisation<\/p>\n<p>[\/et_pb_text][\/et_pb_column][et_pb_column type=\u00a0\u00bb1_3&Prime; _builder_version=\u00a0\u00bb4.0.5&Prime; custom_padding=\u00a0\u00bb|||1%|false|false\u00a0\u00bb border_width_left=\u00a0\u00bb1px\u00a0\u00bb border_color_left=\u00a0\u00bb#dfdfdf\u00a0\u00bb custom_padding__hover=\u00a0\u00bb|||\u00a0\u00bb][et_pb_image src=\u00a0\u00bbhttps:\/\/labigne.de\/wp-content\/uploads\/2015\/08\/l3-konferenzdolmetscher-franzoesisch-englisch-deutsch-berlin.jpg\u00a0\u00bb align=\u00a0\u00bbcenter\u00a0\u00bb _builder_version=\u00a0\u00bb4.0.5&Prime; animation_style=\u00a0\u00bbflip\u00a0\u00bb][\/et_pb_image][et_pb_image src=\u00a0\u00bbhttps:\/\/labigne.de\/wp-content\/uploads\/2015\/09\/simultan-uebersetzer-berlin.jpg\u00a0\u00bb align=\u00a0\u00bbcenter\u00a0\u00bb _builder_version=\u00a0\u00bb4.0.5&Prime; animation_style=\u00a0\u00bbfade\u00a0\u00bb][\/et_pb_image][et_pb_text _builder_version=\u00a0\u00bb4.4.2&Prime; custom_padding=\u00a0\u00bb5%||||false|false\u00a0\u00bb global_module=\u00a0\u00bb1386&Prime; saved_tabs=\u00a0\u00bball\u00a0\u00bb]<div class=\"perfect-quotes\">Le v\u00e9ritable changement est n\u00e9cessairement double, la r\u00e9alit\u00e9 ne change que si la perception change \u00e9galement<span>- Luc de Brabandere<\/span><\/div><br \/>\n[\/et_pb_text][\/et_pb_column][\/et_pb_row][\/et_pb_section]<\/p>\n","protected":false},"excerpt":{"rendered":"<p>[et_pb_section fb_built=\u00a0\u00bb1&Prime; fullwidth=\u00a0\u00bbon\u00a0\u00bb _builder_version=\u00a0\u00bb4.0.9&Prime; global_module=\u00a0\u00bb1245&Prime; saved_tabs=\u00a0\u00bball\u00a0\u00bb][et_pb_fullwidth_image src=\u00a0\u00bbhttps:\/\/labigne.de\/wp-content\/uploads\/2019\/11\/h-konferenzdolmetscher-englisch-franzoesisch.jpg\u00a0\u00bb _builder_version=\u00a0\u00bb4.4.2&Prime; animation_style=\u00a0\u00bbzoom\u00a0\u00bb box_shadow_style=\u00a0\u00bbpreset3&Prime;][\/et_pb_fullwidth_image][\/et_pb_section][et_pb_section fb_built=\u00a0\u00bb1&Prime; _builder_version=\u00a0\u00bb4.0.9&Prime; max_width=\u00a0\u00bb1240px\u00a0\u00bb module_alignment=\u00a0\u00bbcenter\u00a0\u00bb custom_padding=\u00a0\u00bb0px||||false|false\u00a0\u00bb box_shadow_style=\u00a0\u00bbpreset3&Prime;][et_pb_row column_structure=\u00a0\u00bb2_3,1_3&Prime; _builder_version=\u00a0\u00bb4.0.9&Prime; background_size=\u00a0\u00bbinitial\u00a0\u00bb background_position=\u00a0\u00bbtop_left\u00a0\u00bb background_repeat=\u00a0\u00bbrepeat\u00a0\u00bb custom_margin=\u00a0\u00bb|||80px|false|false\u00a0\u00bb custom_margin_tablet=\u00a0\u00bb\u00a0\u00bb custom_margin_phone=\u00a0\u00bb|||24px|false|false\u00a0\u00bb custom_margin_last_edited=\u00a0\u00bbon|desktop\u00a0\u00bb][et_pb_column type=\u00a0\u00bb2_3&Prime; _builder_version=\u00a0\u00bb3.25&Prime; custom_padding=\u00a0\u00bb|||\u00a0\u00bb custom_padding__hover=\u00a0\u00bb|||\u00a0\u00bb][et_pb_text _builder_version=\u00a0\u00bb4.0.5&Prime; background_size=\u00a0\u00bbinitial\u00a0\u00bb background_position=\u00a0\u00bbtop_left\u00a0\u00bb background_repeat=\u00a0\u00bbrepeat\u00a0\u00bb] Notre Profile service interpr\u00e9tes interpr\u00e9tation simultan\u00e9e et cons\u00e9cutive pour r\u00e9unions, conf\u00e9rences et congr\u00e8s dans toutes les langues europ\u00e9ennes et asiatiques l&rsquo;\u00e9quipe des [&hellip;]<\/p>\n","protected":false},"author":6,"featured_media":0,"parent":0,"menu_order":0,"comment_status":"closed","ping_status":"closed","template":"","meta":{"_et_pb_use_builder":"on","_et_pb_old_content":"<h1>Notre Profile<\/h1>\r\n<h2>service interpr\u00e9tes<\/h2>\r\n<p>interpr\u00e9tation simultan\u00e9e et cons\u00e9cutive pour r\u00e9unions, conf\u00e9rences et congr\u00e8s dans toutes les langues europ\u00e9ennes et asiatiques<\/p>\r\n<h2>l'\u00e9quipe<\/h2>\r\n<p>des interpr\u00e8tes de conf\u00e9rence dipl\u00f4m\u00e9(e)s, chevronn\u00e9(e)s, sp\u00e9cialis\u00e9(e)s dans les domaines de la finance, de l'\u00e9conomie, de la politique, de la technique, de la m\u00e9decine, du marketing<\/p>\r\n<h2>les conditions<\/h2>\r\n<p>devis fermes en l'espace de 24 h, prix forfaitaires incluant honoraires, frais de d\u00e9placement, frais d'approche et frais d'organisation<\/p>","_et_gb_content_width":"","inline_featured_image":false,"footnotes":""},"class_list":["post-41","page","type-page","status-publish","hentry"],"_links":{"self":[{"href":"https:\/\/labigne.de\/fr\/wp-json\/wp\/v2\/pages\/41","targetHints":{"allow":["GET"]}}],"collection":[{"href":"https:\/\/labigne.de\/fr\/wp-json\/wp\/v2\/pages"}],"about":[{"href":"https:\/\/labigne.de\/fr\/wp-json\/wp\/v2\/types\/page"}],"author":[{"embeddable":true,"href":"https:\/\/labigne.de\/fr\/wp-json\/wp\/v2\/users\/6"}],"replies":[{"embeddable":true,"href":"https:\/\/labigne.de\/fr\/wp-json\/wp\/v2\/comments?post=41"}],"version-history":[{"count":0,"href":"https:\/\/labigne.de\/fr\/wp-json\/wp\/v2\/pages\/41\/revisions"}],"wp:attachment":[{"href":"https:\/\/labigne.de\/fr\/wp-json\/wp\/v2\/media?parent=41"}],"curies":[{"name":"wp","href":"https:\/\/api.w.org\/{rel}","templated":true}]}}