{"id":62,"date":"2015-05-27T15:56:56","date_gmt":"2015-05-27T15:56:56","guid":{"rendered":"https:\/\/labigne.de\/?page_id=62"},"modified":"2020-06-15T15:25:39","modified_gmt":"2020-06-15T15:25:39","slug":"notre-service","status":"publish","type":"page","link":"https:\/\/labigne.de\/fr\/notre-service\/","title":{"rendered":"notre Service"},"content":{"rendered":"<p>[et_pb_section fb_built=\u00a0\u00bb1&Prime; fullwidth=\u00a0\u00bbon\u00a0\u00bb _builder_version=\u00a0\u00bb4.0.9&Prime; global_module=\u00a0\u00bb1245&Prime; saved_tabs=\u00a0\u00bball\u00a0\u00bb][et_pb_fullwidth_image src=\u00a0\u00bbhttps:\/\/labigne.de\/wp-content\/uploads\/2020\/04\/h-conference-interpreter-chinese.jpg\u00a0\u00bb title_text=\u00a0\u00bbh-conference-interpreter-chinese\u00a0\u00bb _builder_version=\u00a0\u00bb4.4.4&Prime; hover_enabled=\u00a0\u00bb0&Prime; box_shadow_style=\u00a0\u00bbpreset3&Prime;][\/et_pb_fullwidth_image][\/et_pb_section][et_pb_section fb_built=\u00a0\u00bb1&Prime; _builder_version=\u00a0\u00bb4.0.9&Prime; max_width=\u00a0\u00bb1240px\u00a0\u00bb module_alignment=\u00a0\u00bbcenter\u00a0\u00bb custom_padding=\u00a0\u00bb0px||||false|false\u00a0\u00bb box_shadow_style=\u00a0\u00bbpreset3&Prime;][et_pb_row column_structure=\u00a0\u00bb2_3,1_3&Prime; _builder_version=\u00a0\u00bb4.0.5&Prime; background_size=\u00a0\u00bbinitial\u00a0\u00bb background_position=\u00a0\u00bbtop_left\u00a0\u00bb background_repeat=\u00a0\u00bbrepeat\u00a0\u00bb custom_margin=\u00a0\u00bb|||80px|false|false\u00a0\u00bb custom_margin_tablet=\u00a0\u00bb\u00a0\u00bb custom_margin_phone=\u00a0\u00bb|||24px|false|false\u00a0\u00bb custom_margin_last_edited=\u00a0\u00bbon|desktop\u00a0\u00bb][et_pb_column type=\u00a0\u00bb2_3&Prime; _builder_version=\u00a0\u00bb3.25&Prime; custom_padding=\u00a0\u00bb|||\u00a0\u00bb custom_padding__hover=\u00a0\u00bb|||\u00a0\u00bb][et_pb_text _builder_version=\u00a0\u00bb3.27.4&Prime; background_size=\u00a0\u00bbinitial\u00a0\u00bb background_position=\u00a0\u00bbtop_left\u00a0\u00bb background_repeat=\u00a0\u00bbrepeat\u00a0\u00bb]<\/p>\n<h2>Nos services en un coup d&rsquo;\u0153il<\/h2>\n<h3>Interpr\u00e8tes de conf\u00e9rence dans toutes les langues<\/h3>\n<ul>\n<li> interpr\u00e8tes de conf\u00e9rence chevronn\u00e9s\n  <\/li>\n<li> avec une sp\u00e9cialisation technique\n  <\/li>\n<li> \u00e9quipe internationale\n    <\/li>\n<li> sur demande \u00e9galement \u00e0 l&rsquo;\u00e9tranger<\/li>\n<\/ul>\n<h3>Traduction simultan\u00e9e et cons\u00e9cutive<\/h3>\n<ul>\n<li> Interpr\u00e9tation lors de congr\u00e8s\n    <\/li>\n<li> Interpr\u00e9tation lors de conf\u00e9rence\n    <\/li>\n<li> Interpr\u00e9tation de liaison\n    <\/li>\n<li> R\u00e9unions du conseil d&rsquo;administration\n    <\/li>\n<li> R\u00e9unions d&rsquo;affaires\n    <\/li>\n<li> Visites d&rsquo;entreprises chuchot\u00e9es avec bidule <\/li>\n<\/ul>\n<h3>Technologie de communication sans fil<\/h3>\n<ul>\n<li> Mat\u00e9riel d&rsquo;interpr\u00e9tation \u00e0 infrarouge\n    <\/li>\n<li> Syst\u00e8mes de chuchotage \/ bidule\n    <\/li>\n<li> Technique de r\u00e9union et de conf\u00e9rence\n    <\/li>\n<li> Mat\u00e9riel audio-visuel<\/li>\n<\/ul>\n<h3>Notre service pour le client<\/h3>\n<ul>\n<li> Offre d&rsquo;\u00e9quipes compl\u00e8tes et devis pour la technique\n    <\/li>\n<li> Conseil et accompagnement des projets de A \u00e0 Z\n    <\/li>\n<li> calcul des co\u00fbts totaux en amont<\/li>\n<\/ul>\n<h3>Pourquoi labigne dolmetscherdienste GmbH ?<\/h3>\n<p>La soci\u00e9t\u00e9 labigne dolmetscherdienste GmbH vous propose des interpr\u00e8tes de conf\u00e9rence chevronn\u00e9s et sp\u00e9cialis\u00e9s et vous assure un excellent service.<br \/>\nGr\u00e2ce \u00e0 de nombreuses ann\u00e9es de travail pour l&rsquo;Association allemande des interpr\u00e8tes de conf\u00e9rence (VKD du BD\u00dc) et \u00e0 plus de 25 ans d&rsquo;exp\u00e9rience avec des \u00e9quipes tr\u00e8s diverses en Allemagne et \u00e0 l&rsquo;\u00e9tranger, labigne dolmetscherdienste GmbH a acc\u00e8s \u00e0 un pool d&rsquo;excellence de coll\u00e8gues hautement qualifi\u00e9s, tri\u00e9s sur le volet.<\/p>\n<p>Ce r\u00e9seau r\u00e9silient permet de constituer des \u00e9quipes optimales, m\u00eame pour des sujets requ\u00e9rant une expertise particuli\u00e8re.<\/p>\n<p>Labigne dolmetscherdienste GmbH &#8211; avec des processus de gestion des contrats bien rod\u00e9s et une communication efficace &#8211; vous soumet g\u00e9n\u00e9ralement une offre en moins de 24 heures.<br \/>\n  Nous r\u00e9servons pour vous les meilleurs coll\u00e8gues en option et apr\u00e8s confirmation de votre part, ils sont engag\u00e9s par un contrat sign\u00e9 avec labigne dolmetscherdienste GmbH. Nous nous occupons du reste :<br \/>\n  Entre autres, nous classons et pr\u00e9parons le mat\u00e9riel envoy\u00e9 par vos soins pour la pr\u00e9paration des interpr\u00e8tes avant la conf\u00e9rence, le transmettons \u00e0 tous les membres de l&rsquo;\u00e9quipe et fournissons des listes de vocabulaire. Si n\u00e9cessaire, nous organisons \u00e9galement des r\u00e9unions en ligne pour des clarifications pr\u00e9liminaires ou d&rsquo;autres mesures. Une fois le contrat termin\u00e9, une facture collective est envoy\u00e9e par courriel au client sous forme de PDF. Apr\u00e8s 4 semaines au plus tard, les interpr\u00e8tes sont pay\u00e9s.<\/p>\n<p><strong>Conclusion<\/strong> : avec trois ou quatre courriels, un excellent service d&rsquo;interpr\u00e9tation est organis\u00e9 pour votre \u00e9v\u00e9nement :<\/p>\n<ol>\n<li> votre demande\n    <\/li>\n<li> notre devis\/offre\n    <\/li>\n<li> votre confirmation\n  <\/li>\n<li>l&rsquo;envoi de mat\u00e9riel de pr\u00e9paration\n  <\/li>\n<li>notre facture<\/li>\n<\/ol>\n<p>labigne dolmetscherdienste GmbH garantit une \u00e9quipe optimale sur place.<br \/>\nNos services sont efficaces, \u00e9conomiques, cibl\u00e9s et performants.<\/p>\n<p>[\/et_pb_text][\/et_pb_column][et_pb_column type=\u00a0\u00bb1_3&Prime; _builder_version=\u00a0\u00bb4.0.5&Prime; custom_padding=\u00a0\u00bb|||1%|false|false\u00a0\u00bb border_width_left=\u00a0\u00bb1px\u00a0\u00bb border_color_left=\u00a0\u00bb#dfdfdf\u00a0\u00bb custom_padding__hover=\u00a0\u00bb|||\u00a0\u00bb][et_pb_image src=\u00a0\u00bbhttps:\/\/labigne.de\/wp-content\/uploads\/2015\/08\/l2-konferenzdolmetscher-franzoesisch-englisch-deutsch-berlin1.jpg\u00a0\u00bb align=\u00a0\u00bbcenter\u00a0\u00bb _builder_version=\u00a0\u00bb4.0.9&Prime; animation_style=\u00a0\u00bbflip\u00a0\u00bb][\/et_pb_image][et_pb_image src=\u00a0\u00bbhttps:\/\/labigne.de\/wp-content\/uploads\/2015\/08\/l-konferenzdolmetscher-franzoesisch-englisch-deutsch-berlin1.jpg\u00a0\u00bb align=\u00a0\u00bbcenter\u00a0\u00bb _builder_version=\u00a0\u00bb4.0.9&Prime; animation_style=\u00a0\u00bbfade\u00a0\u00bb][\/et_pb_image][et_pb_text _builder_version=\u00a0\u00bb4.0.9&Prime; custom_margin=\u00a0\u00bb||||false|false\u00a0\u00bb custom_padding=\u00a0\u00bb5%||||false|false\u00a0\u00bb]<\/p>\n<div class=\"perfect-quotes\">Le v\u00e9ritable changement est n\u00e9cessairement double, la r\u00e9alit\u00e9 ne change que si la perception change \u00e9galement<span>- Luc de Brabandere<\/span><\/div>\n<p>[\/et_pb_text][\/et_pb_column][\/et_pb_row][\/et_pb_section]<\/p>\n","protected":false},"excerpt":{"rendered":"<p>[et_pb_section fb_built=\u00a0\u00bb1&Prime; fullwidth=\u00a0\u00bbon\u00a0\u00bb _builder_version=\u00a0\u00bb4.0.9&Prime; global_module=\u00a0\u00bb1245&Prime; saved_tabs=\u00a0\u00bball\u00a0\u00bb][et_pb_fullwidth_image src=\u00a0\u00bbhttps:\/\/labigne.de\/wp-content\/uploads\/2020\/04\/h-conference-interpreter-chinese.jpg\u00a0\u00bb title_text=\u00a0\u00bbh-conference-interpreter-chinese\u00a0\u00bb _builder_version=\u00a0\u00bb4.4.4&Prime; hover_enabled=\u00a0\u00bb0&Prime; box_shadow_style=\u00a0\u00bbpreset3&Prime;][\/et_pb_fullwidth_image][\/et_pb_section][et_pb_section fb_built=\u00a0\u00bb1&Prime; _builder_version=\u00a0\u00bb4.0.9&Prime; max_width=\u00a0\u00bb1240px\u00a0\u00bb module_alignment=\u00a0\u00bbcenter\u00a0\u00bb custom_padding=\u00a0\u00bb0px||||false|false\u00a0\u00bb box_shadow_style=\u00a0\u00bbpreset3&Prime;][et_pb_row column_structure=\u00a0\u00bb2_3,1_3&Prime; _builder_version=\u00a0\u00bb4.0.5&Prime; background_size=\u00a0\u00bbinitial\u00a0\u00bb background_position=\u00a0\u00bbtop_left\u00a0\u00bb background_repeat=\u00a0\u00bbrepeat\u00a0\u00bb custom_margin=\u00a0\u00bb|||80px|false|false\u00a0\u00bb custom_margin_tablet=\u00a0\u00bb\u00a0\u00bb custom_margin_phone=\u00a0\u00bb|||24px|false|false\u00a0\u00bb custom_margin_last_edited=\u00a0\u00bbon|desktop\u00a0\u00bb][et_pb_column type=\u00a0\u00bb2_3&Prime; _builder_version=\u00a0\u00bb3.25&Prime; custom_padding=\u00a0\u00bb|||\u00a0\u00bb custom_padding__hover=\u00a0\u00bb|||\u00a0\u00bb][et_pb_text _builder_version=\u00a0\u00bb3.27.4&Prime; background_size=\u00a0\u00bbinitial\u00a0\u00bb background_position=\u00a0\u00bbtop_left\u00a0\u00bb background_repeat=\u00a0\u00bbrepeat\u00a0\u00bb] Nos services en un coup d&rsquo;\u0153il Interpr\u00e8tes de conf\u00e9rence dans toutes les langues interpr\u00e8tes de conf\u00e9rence chevronn\u00e9s avec une sp\u00e9cialisation technique [&hellip;]<\/p>\n","protected":false},"author":6,"featured_media":0,"parent":0,"menu_order":0,"comment_status":"closed","ping_status":"closed","template":"","meta":{"_et_pb_use_builder":"on","_et_pb_old_content":"","_et_gb_content_width":"","inline_featured_image":false,"footnotes":""},"class_list":["post-62","page","type-page","status-publish","hentry"],"_links":{"self":[{"href":"https:\/\/labigne.de\/fr\/wp-json\/wp\/v2\/pages\/62","targetHints":{"allow":["GET"]}}],"collection":[{"href":"https:\/\/labigne.de\/fr\/wp-json\/wp\/v2\/pages"}],"about":[{"href":"https:\/\/labigne.de\/fr\/wp-json\/wp\/v2\/types\/page"}],"author":[{"embeddable":true,"href":"https:\/\/labigne.de\/fr\/wp-json\/wp\/v2\/users\/6"}],"replies":[{"embeddable":true,"href":"https:\/\/labigne.de\/fr\/wp-json\/wp\/v2\/comments?post=62"}],"version-history":[{"count":0,"href":"https:\/\/labigne.de\/fr\/wp-json\/wp\/v2\/pages\/62\/revisions"}],"wp:attachment":[{"href":"https:\/\/labigne.de\/fr\/wp-json\/wp\/v2\/media?parent=62"}],"curies":[{"name":"wp","href":"https:\/\/api.w.org\/{rel}","templated":true}]}}