{"id":841,"date":"2018-05-14T07:52:42","date_gmt":"2018-05-14T07:52:42","guid":{"rendered":"https:\/\/labigne.de\/?page_id=841"},"modified":"2020-04-30T16:29:04","modified_gmt":"2020-04-30T16:29:04","slug":"declaration-de-protection-des-donnees","status":"publish","type":"page","link":"https:\/\/labigne.de\/fr\/declaration-de-protection-des-donnees\/","title":{"rendered":"D\u00e9claration de protection des donn\u00e9es"},"content":{"rendered":"<ol>\n<li><strong> La protection des donn\u00e9es\u00a0<\/strong><\/li>\n<\/ol>\n<p><strong>1.1 Informations g\u00e9n\u00e9rales<\/strong><\/p>\n<p>Les informations suivantes donnent un simple aper\u00e7u de ce qu&rsquo;il advient de vos donn\u00e9es personnelles lorsque vous visitez notre site Web. Les donn\u00e9es personnelles sont toutes les donn\u00e9es avec lesquelles vous pouvez \u00eatre identifi\u00e9 personnellement. Vous trouverez des informations d\u00e9taill\u00e9es sur le sujet de la protection des donn\u00e9es dans notre d\u00e9claration de protection des donn\u00e9es ci-dessous.<\/p>\n<p>En utilisant ce site Web, vous consentez \u00e0 la collecte, \u00e0 l&rsquo;utilisation et au transfert de vos donn\u00e9es personnelles conform\u00e9ment \u00e0 la pr\u00e9sente politique de confidentialit\u00e9.<\/p>\n<ol start=\"2\">\n<li><strong> La collecte de donn\u00e9es sur notre site Web<\/strong><\/li>\n<\/ol>\n<p><strong>2.1 Qui est responsable de la collecte des donn\u00e9es sur ce site Web ?<\/strong><\/p>\n<p>Le responsable du traitement des donn\u00e9es sur ce site Web est :<\/p>\n<p>labigne dolmetscherdienste GmbH &#8211; Berlin et Francfort<br \/>\nAlt-Tempelhof 9 &#8211; 12099 BERLIN<br \/>\nT\u00e9l\u00e9phone : +49 (0)30 75 65 57 57 20 20<br \/>\nFax : +49(0)3222 83 50 988<br \/>\nGSM : +49(0)171 773 25 25 13<br \/>\nCourriel : info@localhost<\/p>\n<p>L&rsquo;organisme responsable est la personne physique ou morale qui, seule ou avec d&rsquo;autres, d\u00e9cide des finalit\u00e9s et des moyens de traitement des donn\u00e9es \u00e0 caract\u00e8re personnel (par exemple, noms, adresses \u00e9lectroniques, etc.).<\/p>\n<p><strong>2.2 Comment recueillons-nous vos donn\u00e9es ?<\/strong><\/p>\n<p>D&rsquo;une part, vos donn\u00e9es sont collect\u00e9es lorsque vous nous les communiquez. Il peut s&rsquo;agir de donn\u00e9es que vous saisissez dans un formulaire de contact, par exemple.<\/p>\n<p><strong>2.3 Quels sont vos droits concernant vos donn\u00e9es ?<\/strong><\/p>\n<p>Vous avez le droit de recevoir \u00e0 tout moment et gratuitement des informations sur l&rsquo;origine, le destinataire et la finalit\u00e9 de vos donn\u00e9es personnelles stock\u00e9es. Vous avez \u00e9galement le droit de demander la correction, le blocage ou la suppression de ces donn\u00e9es. Si vous avez d&rsquo;autres questions sur la protection des donn\u00e9es, vous pouvez nous contacter \u00e0 tout moment \u00e0 l&rsquo;adresse indiqu\u00e9e dans les mentions l\u00e9gales. Vous avez \u00e9galement le droit de faire appel aupr\u00e8s de l&rsquo;autorit\u00e9 de surveillance comp\u00e9tente.<\/p>\n<ol start=\"3\">\n<li><strong> Informations g\u00e9n\u00e9rales et informations obligatoires<\/strong><\/li>\n<\/ol>\n<p><strong>3.1 Protection des donn\u00e9es<\/strong><\/p>\n<p>Les op\u00e9rateurs de ces pages prennent tr\u00e8s au s\u00e9rieux la protection de vos donn\u00e9es personnelles. Nous traitons vos donn\u00e9es personnelles de mani\u00e8re confidentielle et conform\u00e9ment aux dispositions l\u00e9gales en mati\u00e8re de protection des donn\u00e9es et \u00e0 la pr\u00e9sente d\u00e9claration de protection des donn\u00e9es.<\/p>\n<p>Lorsque vous utilisez ce site Web, diverses donn\u00e9es personnelles sont collect\u00e9es. Les donn\u00e9es personnelles sont des donn\u00e9es permettant de vous identifier personnellement. Cette d\u00e9claration de protection des donn\u00e9es explique quelles donn\u00e9es nous collectons et pour quoi nous les utilisons. Elle explique \u00e9galement comment et dans quel but.<\/p>\n<p>Nous attirons votre attention sur le fait que la transmission de donn\u00e9es sur Internet (par ex. la communication par e-mail) peut pr\u00e9senter des failles de s\u00e9curit\u00e9. Une protection compl\u00e8te des donn\u00e9es contre l&rsquo;acc\u00e8s \u00e0 ces donn\u00e9es par des tiers n&rsquo;est pas possible.<\/p>\n<p><strong>3.2 R\u00e9vocation de votre consentement au traitement des donn\u00e9es<\/strong><\/p>\n<p>De nombreux traitements de donn\u00e9es ne sont possibles qu&rsquo;avec votre consentement expr\u00e8s. Vous pouvez r\u00e9voquer votre consentement \u00e0 tout moment. Tout ce que vous avez \u00e0 faire est de nous envoyer un e-mail. La l\u00e9galit\u00e9 du traitement des donn\u00e9es jusqu&rsquo;\u00e0 la r\u00e9vocation n&rsquo;est pas affect\u00e9e par la r\u00e9vocation.<\/p>\n<p><strong>3.3 Droit de recours aupr\u00e8s de l&rsquo;autorit\u00e9 de surveillance comp\u00e9tente<\/strong><\/p>\n<p>En cas de violation de la loi sur la protection des donn\u00e9es, la personne concern\u00e9e dispose d&rsquo;un droit de recours aupr\u00e8s de l&rsquo;autorit\u00e9 de contr\u00f4le comp\u00e9tente. L&rsquo;autorit\u00e9 de contr\u00f4le comp\u00e9tente en mati\u00e8re de protection des donn\u00e9es est le d\u00e9l\u00e9gu\u00e9 \u00e0 la protection des donn\u00e9es de l&rsquo;\u00c9tat f\u00e9d\u00e9ral dans lequel notre entreprise a son si\u00e8ge. Une liste des d\u00e9l\u00e9gu\u00e9s \u00e0 la protection des donn\u00e9es et leurs coordonn\u00e9es se trouve \u00e0 l&rsquo;adresse suivante : <a href=\"https:\/\/www.bfdi.bund.de\/DE\/Infothek\/Anschriften_Links\/anschriften_links-node.html\">https:\/\/www.bfdi.bund.de\/DE\/Infothek\/Anschriften_Links\/anschriften_links-node.html<\/a><\/p>\n<p><strong>3.4 Information, blocage, suppression<\/strong><\/p>\n<p>Vous avez le droit d&rsquo;obtenir \u00e0 tout moment, dans le cadre des dispositions l\u00e9gales en vigueur, des informations gratuites sur vos donn\u00e9es personnelles stock\u00e9es, leur origine et leurs destinataires, ainsi que sur la finalit\u00e9 du traitement des donn\u00e9es et, le cas \u00e9ch\u00e9ant, un droit de rectification, de blocage ou de suppression de ces donn\u00e9es. Vous pouvez nous contacter \u00e0 tout moment \u00e0 l&rsquo;adresse indiqu\u00e9e dans les mentions l\u00e9gales si vous avez d&rsquo;autres questions sur le sujet des donn\u00e9es personnelles.<\/p>\n<p><strong>3.5 Utilisation de vos donn\u00e9es<\/strong><\/p>\n<p>En principe, nous n&rsquo;utilisons vos donn\u00e9es personnelles qu&rsquo;au sein de notre entreprise.<\/p>\n<p>Nous ne transmettons des donn\u00e9es personnelles \u00e0 des tiers que si et dans la mesure o\u00f9 cela est n\u00e9cessaire pour l&rsquo;ex\u00e9cution des relations contractuelles existantes et si nous sommes l\u00e9galement oblig\u00e9s de le faire.<\/p>\n<p>C&rsquo;est le cas s&rsquo;il s&rsquo;agit de demandes \u00e9manant d&rsquo;organismes officiels, en particulier des autorit\u00e9s de police et de surveillance, si et dans la mesure o\u00f9 cela est n\u00e9cessaire pour \u00e9viter des menaces pour la s\u00e9curit\u00e9 et l&rsquo;ordre publics et pour poursuivre des infractions p\u00e9nales, ou s&rsquo;il est n\u00e9cessaire d&rsquo;appliquer nos conditions g\u00e9n\u00e9rales ou d&rsquo;autres accords conclus avec vous ainsi que nos droits et revendications.<\/p>\n<ol start=\"4\">\n<li><strong> La collecte de donn\u00e9es sur notre site Web<\/strong><\/li>\n<\/ol>\n<p><strong>3.1 Cookies<\/strong><\/p>\n<p>Certaines pages Internet utilisent des cookies. Les cookies ne causent aucun dommage \u00e0 votre ordinateur et ne contiennent aucun virus. Les cookies servent \u00e0 rendre notre site Web plus convivial, plus efficace et plus s\u00fbr. Les cookies sont de petits fichiers texte qui sont stock\u00e9s sur votre ordinateur et enregistr\u00e9s par votre navigateur.<\/p>\n<p>La plupart des cookies que nous utilisons sont des \u00ab\u00a0cookies de session\u00a0\u00bb. Ils sont automatiquement supprim\u00e9s \u00e0 la fin de votre visite. D&rsquo;autres cookies restent stock\u00e9s sur votre terminal jusqu&rsquo;\u00e0 ce que vous les supprimiez. Ces cookies nous permettent de reconna\u00eetre votre navigateur lors de votre prochaine visite sur notre site Web.<\/p>\n<p>Vous pouvez param\u00e9trer votre navigateur pour \u00eatre inform\u00e9 de la configuration des cookies et n&rsquo;autoriser les cookies que dans des cas individuels, exclure l&rsquo;acceptation des cookies dans certains cas ou de mani\u00e8re g\u00e9n\u00e9rale et activer la suppression automatique des cookies lors de la fermeture du navigateur. Lorsque les cookies sont d\u00e9sactiv\u00e9s, la fonctionnalit\u00e9 de ce site Web peut \u00eatre limit\u00e9e.<\/p>\n<p>Les cookies, qui sont n\u00e9cessaires pour pouvoir communiquer sous forme \u00e9lectronique ou pour vous fournir certaines fonctions souhait\u00e9es (par exemple la fonction panier d&rsquo;achat), sont stock\u00e9s sur la base de l&rsquo;art. 6 al. 1 lit. f du RGDP. L&rsquo;exploitant du site Web a un int\u00e9r\u00eat l\u00e9gitime \u00e0 ce que les cookies soient stock\u00e9s pour que ses services soient techniquement exempts d&rsquo;erreurs et puissent \u00eatre optimis\u00e9s. Dans la mesure o\u00f9 d&rsquo;autres cookies (par exemple des cookies pour l&rsquo;analyse de votre comportement de navigation) sont stock\u00e9s, ceux-ci seront trait\u00e9s s\u00e9par\u00e9ment dans la pr\u00e9sente d\u00e9claration de protection des donn\u00e9es.<\/p>\n<p>D\u00e9sactiver les cookies \u2013 voici la proc\u00e9dure \u00e0 suivre :<\/p>\n<p>Internet Explorer : <a href=\"https:\/\/windows.microsoft.com\/de-DE\/windows-vista\/Block-or-allow-cookies\">https:\/\/windows.microsoft.com\/de-DE\/windows-vista\/Block-or-allow-cookies<\/a><br \/>\nFirefox : <a href=\"https:\/\/support.mozilla.org\/de\/kb\/cookies-erlauben-und-ablehnen\">https:\/\/support.mozilla.org\/de\/kb\/cookies-erlauben-und-ablehnen<br \/>\n<\/a>Chrome : <a href=\"https:\/\/support.google.com\/chrome\/bin\/answer.py?hl=fr&amp;hlrm=fr&amp;answer=fr&amp;answer=95647\">https:\/\/support.google.com\/chrome\/bin\/answer.py?hl=fr&amp;hlrm=fr&amp;answer=fr&amp;answer=95647<br \/>\n<\/a>Safari : <a href=\"https:\/\/support.apple.com\/kb\/ph21411?locale=fr_EN_FR\">https:\/\/support.apple.com\/kb\/ph21411?locale=fr_EN_FR<br \/>\n<\/a>Op\u00e9ra : <a href=\"https:\/\/help.opera.com\/Windows\/10.20\/de\/cookies.html\">https:\/\/help.opera.com\/Windows\/10.20\/de\/cookies.html<\/a><\/p>\n<p>Ce site Web n&rsquo;utilise aucun programme d&rsquo;analyse.<\/p>\n<p><strong>3.1.1 Plugin de banni\u00e8re de contenu de cookie<\/strong><\/p>\n<p>Nous utilisons les Plugin Borlabs.<\/p>\n<p>Quelles sont les informations stock\u00e9es dans le cookie ?<\/p>\n<p>Les informations suivantes sont stock\u00e9es dans le cookie Borlabs :<\/p>\n<p>Dur\u00e9e d&rsquo;ex\u00e9cution du cookie<br \/>\nversion cookie<br \/>\nDomaine et chemin d&rsquo;acc\u00e8s du site WordPress<br \/>\nConsentements<br \/>\nUID<\/p>\n<p>L&rsquo;UID est un identifiant g\u00e9n\u00e9r\u00e9 de mani\u00e8re al\u00e9atoire et non une information personnelle.<\/p>\n<p>Les informations sur les visiteurs sont-elles transmises \u00e0 Borlabs ?<\/p>\n<p>Borlabs ne re\u00e7oit absolument aucune information sur vos visiteurs.<\/p>\n<blockquote><p><a class=\"borlabs-cookie-preference\" href=\"#\">Cookie Settings<\/a><\/p><\/blockquote>\n<p><strong>3.1.2 WPML-Cookies<\/strong><\/p>\n<p>Ils sont utilis\u00e9s par notre plugin WPML pour identifier la langue de l&rsquo;utilisateur pr\u00e9f\u00e9r\u00e9 car notre site est multilingue. Vous pouvez trouver des informations d\u00e9taill\u00e9es \u00e0 ce sujet : <a href=\"https:\/\/wpml.org\/documentation\/support\/browser-cookies-stored-wpml\/\">WPML Browser-Cookies<\/a>.<\/p>\n<p><strong>3.2 Fichiers journaux du serveur<\/strong><\/p>\n<p>Le fournisseur des pages collecte et stocke automatiquement des informations dans des fichiers journaux de serveur, que votre navigateur nous transmet automatiquement. Celles-ci sont :<\/p>\n<ul>\n<li>type de navigateur et version du navigateur<\/li>\n<li>syst\u00e8me d&rsquo;exploitation utilis\u00e9<\/li>\n<li>URL de r\u00e9f\u00e9rence<\/li>\n<li>nom d&rsquo;h\u00f4te de l&rsquo;ordinateur acc\u00e9dant<\/li>\n<li>Heure de la requ\u00eate du serveur<\/li>\n<li>adresse IP<\/li>\n<\/ul>\n<p>Ces donn\u00e9es ne sont pas combin\u00e9es avec d&rsquo;autres sources de donn\u00e9es.<\/p>\n<p>La base du traitement des donn\u00e9es est l&rsquo;art. 6 al. 1 let. f du RGPD, qui permet le traitement des donn\u00e9es pour l&rsquo;ex\u00e9cution d&rsquo;un contrat ou de mesures pr\u00e9contractuelles.<\/p>\n<ol start=\"5\">\n<li><strong> Cryptage SSL<\/strong><\/li>\n<\/ol>\n<p>Si le cryptage SSL est activ\u00e9, les donn\u00e9es que vous nous transmettez ne peuvent pas \u00eatre lues par des tiers.<\/p>\n<p><strong>5.1 Formulaires sur notre site Web<\/strong><\/p>\n<p>Les formulaires sont g\u00e9n\u00e9r\u00e9s via https:\/\/www.dw-formmailer.de et transmis par cryptage SSL. Cela prot\u00e8ge le contenu confidentiel transmis, comme les demandes que vous nous envoyez en tant qu&rsquo;op\u00e9rateur du site.<\/p>\n<p>Traitement des donn\u00e9es via www.dw-formmailer.de :<\/p>\n<blockquote><p><strong>\u00ab\u00a0D\u00e9claration de protection des donn\u00e9es pour l&rsquo;utilisation des formulaires contact\/shop\/web cr\u00e9\u00e9s via nos serveurs (DW-Formmailer).<\/strong><\/p>\n<p>Les donn\u00e9es envoy\u00e9es \u00e0 partir des formulaires via nos serveurs sont trait\u00e9es en temps r\u00e9el dans la CPU du serveur et envoy\u00e9es directement par e-mail au(x) destinataire(s). Seuls l&rsquo;horodatage et la livraison au destinataire sont enregistr\u00e9s dans le fichier journal du serveur de messagerie. Les donn\u00e9es des formulaires ne seront pas stock\u00e9es.\u00a0\u00bb<\/p><\/blockquote>\n<p><strong>5.2 Traitement des donn\u00e9es g\u00e9n\u00e9r\u00e9es via les formulaires<\/strong><\/p>\n<p>Lorsque vous nous contactez (par exemple via le formulaire de contact ou par e-mail), des donn\u00e9es personnelles sont collect\u00e9es. Les donn\u00e9es collect\u00e9es dans le cas d&rsquo;un formulaire de contact sont visibles dans le formulaire de contact. Ces donn\u00e9es sont stock\u00e9es et utilis\u00e9es exclusivement pour r\u00e9pondre \u00e0 votre demande ou pour \u00e9tablir le contact et l&rsquo;administration technique. La base l\u00e9gale pour le traitement des donn\u00e9es est de notre int\u00e9r\u00eat l\u00e9gitime \u00e0 r\u00e9pondre \u00e0 votre demande conform\u00e9ment \u00e0 l&rsquo;art. 6 al. 1 let. f du RGPD Si votre contact vise \u00e0 conclure un contrat, la base l\u00e9gale suppl\u00e9mentaire pour le traitement est l&rsquo;art. 6, al. 1, lettre b du RGPD. Vos donn\u00e9es seront effac\u00e9es apr\u00e8s le traitement final de la demande ; c&rsquo;est le cas si l&rsquo;on peut d\u00e9duire des circonstances donn\u00e9es que les points importants ont \u00e9t\u00e9 d\u00e9finitivement clarifi\u00e9s et qu&rsquo;il n&rsquo;y a plus d&rsquo;obligations l\u00e9gales de stockage.<\/p>\n<ol start=\"6\">\n<li><strong> R\u00e9seaux sociaux<\/strong><\/li>\n<\/ol>\n<p>Nous utilisons le plugin Shariff, qui a \u00e9t\u00e9 d\u00e9velopp\u00e9 par le magazine informatique c&rsquo;t et qui est conforme \u00e0 la protection des donn\u00e9es.<\/p>\n<p>Extrait de la description du plugin :<\/p>\n<blockquote><p>Les boutons de partage originaux envoient automatiquement des informations sur vos visiteurs aux r\u00e9seaux sociaux. Il n&rsquo;est pas n\u00e9cessaire qu&rsquo;ils cliquent activement sur l&rsquo;un des boutons, mais cela se produit d\u00e9j\u00e0 en arri\u00e8re-plan lorsque la page est ouverte. Les utilisateurs n&rsquo;ont pas le choix d&rsquo;envoyer ou non des informations \u00e0 Facebook and Co. Le magazine informatique allemand c&rsquo;t a donc d\u00e9velopp\u00e9 \u00ab\u00a0Shariff\u00a0\u00bb (\u0283\u025b\u0279\u026af), qui peut \u00eatre utilis\u00e9 pour int\u00e9grer des onglets conformes aux exigences du r\u00e8glement de base sur la protection des donn\u00e9es (RGPD &#8211; Directive (UE) 2016\/679). Ce plugin impl\u00e9mente le concept Shariff sous une forme facile \u00e0 utiliser pour WordPress.<\/p><\/blockquote>\n<p>Source u.a. <a href=\"https:\/\/www.e-recht24.de\">https:\/\/www.e-recht24.de<\/a><\/p>\n<p>&nbsp;<\/p>\n<p>&nbsp;<\/p>\n<p>&nbsp;<\/p>\n","protected":false},"excerpt":{"rendered":"<p>La protection des donn\u00e9es\u00a0 1.1 Informations g\u00e9n\u00e9rales Les informations suivantes donnent un simple aper\u00e7u de ce qu&rsquo;il advient de vos donn\u00e9es personnelles lorsque vous visitez notre site Web. Les donn\u00e9es personnelles sont toutes les donn\u00e9es avec lesquelles vous pouvez \u00eatre identifi\u00e9 personnellement. Vous trouverez des informations d\u00e9taill\u00e9es sur le sujet de la protection des donn\u00e9es [&hellip;]<\/p>\n","protected":false},"author":6,"featured_media":0,"parent":0,"menu_order":0,"comment_status":"closed","ping_status":"closed","template":"","meta":{"_et_pb_use_builder":"","_et_pb_old_content":"","_et_gb_content_width":"","inline_featured_image":false,"footnotes":""},"class_list":["post-841","page","type-page","status-publish","hentry"],"_links":{"self":[{"href":"https:\/\/labigne.de\/fr\/wp-json\/wp\/v2\/pages\/841","targetHints":{"allow":["GET"]}}],"collection":[{"href":"https:\/\/labigne.de\/fr\/wp-json\/wp\/v2\/pages"}],"about":[{"href":"https:\/\/labigne.de\/fr\/wp-json\/wp\/v2\/types\/page"}],"author":[{"embeddable":true,"href":"https:\/\/labigne.de\/fr\/wp-json\/wp\/v2\/users\/6"}],"replies":[{"embeddable":true,"href":"https:\/\/labigne.de\/fr\/wp-json\/wp\/v2\/comments?post=841"}],"version-history":[{"count":0,"href":"https:\/\/labigne.de\/fr\/wp-json\/wp\/v2\/pages\/841\/revisions"}],"wp:attachment":[{"href":"https:\/\/labigne.de\/fr\/wp-json\/wp\/v2\/media?parent=841"}],"curies":[{"name":"wp","href":"https:\/\/api.w.org\/{rel}","templated":true}]}}